{"id":22,"date":"2015-08-26T22:27:08","date_gmt":"2015-08-26T20:27:08","guid":{"rendered":"http:\/\/bows-viols.de\/cms\/artikel\/"},"modified":"2022-12-29T17:40:03","modified_gmt":"2022-12-29T16:40:03","slug":"artikel","status":"publish","type":"page","link":"http:\/\/bows-viols.de\/en\/artikel\/","title":{"rendered":"Articles by Annette"},"content":{"rendered":"<h4><strong>1985\/86<\/strong><\/h4>\n<p>Otterstedt, Annette:<br \/>\n<em><strong>Gregorius Karpp: Ein ostpreu\u00dfischer Instrumentenbauer des sp\u00e4ten 17. Jahrhunderts.<\/strong><br \/>\n<\/em>\u00a0In: Concerto : das Magazin f\u00fcr alte Musik. &#8211; Altenburg : Kamprad 3 (1985\/86) H. 2, S. 39-45<br \/>\nBMS-ID: 000838292<\/p>\n<p>Otterstedt, Annette:<br \/>\n<em><strong>&#8230;diese einzig dastehende Sammlung von Instrumenten&#8230;: das Berliner Musikinstrumentenmuseum.<\/strong><br \/>\n<\/em>In: Concerto : das Magazin f\u00fcr alte Musik. &#8211; Altenburg : Kamprad 3 (1985\/86) H. 3, S. 34-46<br \/>\nBMS-ID: 000838349<\/p>\n<h4><strong>1988<\/strong><\/h4>\n<p>Otterstedt, Annette:<br \/>\n<strong><em>Wir sind die Dummen: \u00dcber den Umgang mit Musik und Instrumenten der Vergangenheit.<\/em><\/strong><br \/>\nIn: Concerto : das Magazin f\u00fcr alte Musik. &#8211; Altenburg : Kamprad 1988, H. 4, S. 14-20<br \/>\nBMS-ID: 001017713<\/p>\n<h4><strong>1990<\/strong><\/h4>\n<p>Otterstedt, Annette:<br \/>\n<em><strong>Das stillvergn\u00fcgte Gambenconsort. Eine Gambistin sucht das Streichquartett<\/strong>.<\/em><br \/>\nIn: Musica &#8211; Kassel : B\u00e4renreiter, Bd. 44 (1990), Nr. 3, S. 160-163<br \/>\nBMS-ID: 006975380<\/p>\n<h4><strong>1992<\/strong><\/h4>\n<p>Otterstedt, Annette:<br \/>\n<strong><em>Le Sieur de Sainte Colombe: ein St\u00fcck P\u00e4daogik aus dem 17. Jahrhundert.<\/em><\/strong><br \/>\nIn: Musica &#8211; Kassel : B\u00e4reneiter, Bd. 46 (1992), Nr. 1, S. 13-18<br \/>\nBMS-ID: 006977030<\/p>\n<h4><strong>1994<\/strong><\/h4>\n<p>Otterstedt, Annette:<br \/>\n<strong><em>Zwei Sonaten f\u00fcr die Diskantgambe von Carl Philipp Emanuel Bach: Zur Geschichte der Viola da gamba in Preu\u00dfen.<\/em><\/strong><br \/>\nIn: Jahrbuch des Staatlichen Instituts f\u00fcr Musikforschung Preu\u00dfischer Kulturbesitz 1994. &#8211; Mainz [u.a.] : Schott (1995), p. 247-277<br \/>\nBMS-ID: 001743201<\/p>\n<h4><strong>1996<\/strong><\/h4>\n<p>Otterstedt, Annette:<br \/>\n<em><strong>betr.: Tilman Muthesius: Saitenlage und \u00dcberst\u00e4nde.\u00a0<\/strong><br \/>\n<\/em>In: Viola da gamba-Nachrichten Nr. 23 \u2013 1996, S. 5-6<\/p>\n<h4><strong>1996\/97<\/strong><\/h4>\n<p>Otterstedt, Annette:<br \/>\n<strong><em>The Compatibility of the Viol Consort with the Organ in the Early Seventeenth Century.<\/em>\u00a0<\/strong><br \/>\nIn: Chelys (The Journal of the Viola da Gamba Society) Vol. 25 (1996\/97), pp. 32-52<\/p>\n<h4><strong>1997<\/strong><\/h4>\n<p>Otterstedt, Annette:<br \/>\n<strong><em>Die Alemannische Schule. Erwerbung einer Tenorgeige f\u00fcr das Musikinstrumenten-Museum.<\/em>\u00a0<\/strong><br \/>\nIn: Jahrbuch des Staatlichen Instituts f\u00fcr Musikforschung Preu\u00dfischer Kulturbesitz 34 (1997). &#8211; Mainz [u.a.] : Schott, S. 395-420<\/p>\n<p>Otterstedt, Annette:<br \/>\n<strong>\u00a0<\/strong><em><strong>Vereinbarkeit englischer Gambenconsorts mit Orgelbegleitungen in der ersten H\u00e4lfte des 17. Jahrhunderts.\u00a0<\/strong><br \/>\n<\/em>In: Fleischhauer, G\u00fcnter (Hg.):<br \/>\n<strong><em>Stimmungen im 17. und 18. Jahrhundert \u2013 Vielfalt oder Konfusion?<\/em><\/strong><br \/>\nBlankenburg. Stiftung Kloster Michaelstein (Michaelsteiner Konferenzberichte, 52). 15. Musikinstrumentenbau-Symposium in Michaelstein am 11. und 12. November 1994. &#8211; Blankenburg : Stiftung Kloster Michaelstein (1997), p. 80-100<br \/>\nBMS-ID: 001816780<\/p>\n<p>[HR: Die eglischsprachige Fassung (siehe oben) ist eine erweiterte Version dieses Textes.]<\/p>\n<h4><strong>1999<\/strong><\/h4>\n<p>Otterstedt, Annette \/ Reiners, Hans:<br \/>\n<em><strong>Solange sich die Sache beheben l\u00e4\u00dft &#8230; Zu den Fl\u00f6ten der Renaissance.\u00a0<\/strong><br \/>\n<\/em>In: Ehricht, Stefan (Hrsg.): Festschrift Rainer Weber, Halle an der Saale : Stekovics, 1999. &#8211; 121 S. 35-45<br \/>\nBMS-ID: 002440857<\/p>\n<p>Otterstedt, Annette:<br \/>\n<em><strong>What old fiddles can teach us&#8230;<\/strong><br \/>\n<\/em>In: The Galpin Society Journal : publication of research into the history, construction, development and use of musical instruments. &#8211; Cambridge : Univ. Press Vol. 52 (1999), p. 219-242<br \/>\nBMS-ID: 005708761<\/p>\n<p>Otterstedt, Annette:<br \/>\n<strong><em>Preserving a violin-making tradition in its historical context: &#8220;Die Alemannische Schule&#8221; &#8211; second edition of Olga Adelmann&#8217;s Monograph.<\/em>\u00a0<\/strong><br \/>\nIn: Regional traditions in instrument making : Challenges to the museum community. &#8211; Leipzig : Stekovics (1999), p. 7-22<br \/>\nBMS-ID: 001874330<\/p>\n<p><em>Entretien avec Annette Otterstedt, musicologue.<br \/>\n<\/em>In: L\u2019Echo de La Viole. Bulletin de la Soci\u00e9t\u00e9 Fran\u00e7aise de Viole, No. 2, 1999, pp. 6-7<\/p>\n<h4><strong>2000<\/strong><\/h4>\n<p>Otterstedt, Annette:<br \/>\n<strong><em>Die Bedeutung der Entdeckung der Alemannischen Schule f\u00fcr die Praxis.<\/em>\u00a0<\/strong><br \/>\nIn: Jahrbuch des Staatlichen Instituts f\u00fcr Musikforschung Preu\u00dfischer Kulturbesitz. &#8211; Mainz [u.a.] : Schott (2000), p. 259-276<br \/>\nBMS-ID: 001480839<\/p>\n<p>Otterstedt, Annette:<br \/>\n<em><strong>Brave new world.<\/strong><br \/>\n<\/em>In: The Strad, September 2000, pp. 982-986<\/p>\n<h4><strong>2001<\/strong><\/h4>\n<p>Otterstedt, Annette:<br \/>\n<strong>\u00a0<\/strong><em><strong>Investigating green marquetry on bowed-string instruments.<\/strong><br \/>\n<\/em>In: The Galpin Society journal : publication of research into the history, construction, development and use of musical instruments. &#8211; Oxford : Univ. Press Vol. 54 (2001), p. 330-338<br \/>\nBMS-ID: 001466372<\/p>\n<p>Otterstedt, Annette:<br \/>\n<strong><em>Experimentelle Arch\u00e4ologie bei Musikinstrumenten.<\/em>\u00a0<\/strong><br \/>\nIn: Experimentelle Arch\u00e4ologie : Bilanz. &#8211; Oldenburg : Isensee 2001 = 38, S. 117-125<br \/>\nBMS-ID: 005159326<\/p>\n<p>Reiners, Hans [= Otterstedt, Annette]:<br \/>\n<strong><em>National pride<\/em>.<\/strong><br \/>\nIn: The Strad, May 2001, pp. 496-503<\/p>\n<p>Otterstedt, Annette:<br \/>\n<em><strong>\u00abEcchoing forth with unstopd freedom\u00bb Le point sur \u00abThe lyra-viol\u00bb.\u00a0<\/strong><br \/>\n<\/em>In: L\u2019Echo de La Viole. Bulletin de la Soci\u00e9t\u00e9 Fran\u00e7aise de Viole, No. 4, 2000, pp. 4-7<\/p>\n<h4><strong>2003<\/strong><\/h4>\n<p>Otterstedt, Annette:<br \/>\n<strong><em>Violen, Geigen, Violuntzen. Besetzungsfragen n\u00f6rdlich der Alpen um 1600<\/em>.<\/strong><br \/>\nIn: Steude, Wolfram; Hentrich, Bernhard (Hg.):\u00a0<em><strong>Theatrum instrumentorum Dresdense. Bericht \u00fcber die Tagungen zu Historischen Musikinstrumenten Dresden 1996, 1998 und 1999<\/strong>.<\/em>\u00a0Schneverdingen. Verl. der Musikalienhandlung Wagner (Schriften zur mitteldeutschen Musikgeschichte, 11). ISBN 3-88979-102-6. S. 320\u2013353<br \/>\nBMS-ID: 001707043<\/p>\n<h4><strong>2004<\/strong><\/h4>\n<p>Otterstedt, Annette:<br \/>\n<strong>\u00a0<em>Consort bass &#8211; Kontrabass.<\/em><\/strong><br \/>\nIn: Lustig, Monika (Hrsg.):\u00a0<em>Geschichte, Bauweise und Spieltechnik der tiefen Streichinstrumente.<\/em>\u00a021. Musikinstrumentenbau-Symposium Michaelstein 17. bis 19. November 2000. Wettin-L\u00f6bej\u00fcn OT D\u00f6\u00dfel. Verlag Janos Stekovics (Michaelsteiner Konferenzberichte, 64), im Auftr. der Stiftung Kloster Michaelstein, Blankenburg, 2004, S. 101\u2013122<br \/>\nBMS-ID: 003710017<\/p>\n<p>Otterstedt, Annette:<br \/>\n<strong><em>Streichinstrumente<\/em>.<\/strong><br \/>\nIn: Erich Valentin (Hrsg.): Handbuch der Musikinstrumentenkunde, Kassel, 2004<\/p>\n<p>Otterstedt, Annette:<br \/>\n<strong><em>Wie deutet man ein Bild?<\/em>\u00a0<\/strong><br \/>\nIn: Harras, Manfred; Stehrenberger, Brigitt (Hg.):\u00a0<strong><em>Pi\u00e8ces de Viole. F\u00fcnf Beitr\u00e4ge zur Viola da Gamba; Jubil\u00e4umsschrift zum zehnj\u00e4hrigen Bestehen der Viola da Gamba-Gesellschaft.<\/em>\u00a0<\/strong>Winterthur. Viola da Gamba-Gesellschaft, 2004 ISBN 3-9522706-0-1. S. 10\u201325<br \/>\nBMS-ID: 001689916 [AS: bezieht sich auf den ganzen Band]<\/p>\n<h4><strong>2005<\/strong><\/h4>\n<p>Otterstedt, Annette:<br \/>\n<em><strong>Der sarazenische Impuls in der Musik.<\/strong><br \/>\n<\/em>\u00a0In: Wieczorek, Alfried (Hg.):\u00a0<em>Saladin und die Kreuzfahrer. Begleitband zur Ausstellung.<\/em>\u00a0Mannheim. von Zabern (Schriftenreihe des Landesmuseums f\u00fcr Natur und Mensch, Oldenburg, 37). ISBN 3-8053-3599-7. S. 281\u2013287<br \/>\nBMS-ID: 002228416<\/p>\n<h5><strong>2006<\/strong><\/h5>\n<p>Otterstedt, Annette:<br \/>\n<strong><em>Die Lyra Viol auf dem Kontinent und ihre Verwandten.<\/em>\u00a0<\/strong><br \/>\nIn: Ahrens, Christian (Hg.):<strong>\u00a0<\/strong><em><strong>Viola da gamba und Viola da braccio. Symposium im Rahmen der 27. Tage Alter Musik in Herne 2002<\/strong>.<\/em>\u00a0M\u00fcnchen [u.a.] : Katzbichler (2006), S. 139-155<br \/>\nBMS-ID: 004024265<\/p>\n<p>Otterstedt, Annette:<br \/>\n<strong><em>Der sarazenische Impuls in der Musik Europas.<\/em>\u00a0<\/strong><br \/>\nIn: Museumsjournal Natur und Mensch : Naturkunde, Kulturkunde, Museumskunde. &#8211; Oldenburg : Isensee Vol. 2 (2006), p. 103-117<\/p>\n<h4><strong>2007<\/strong><\/h4>\n<p>Otterstedt, Annette:<br \/>\n<strong>\u00a0<em>Friedrich Ernst und seine Kartei: ein Pionier der Restaurierung von Musikinstrumenten.<\/em>\u00a0<\/strong><br \/>\nIn: VDR-Beitr\u00e4ge zur Erhaltung von Kunst- und Kulturgut. &#8211; Regensburg : Schnell + Steiner , No. 1\/2 (2007), p. 76-82<br \/>\nBMS-ID: 002274175<\/p>\n<h4><strong>2008<\/strong><\/h4>\n<p>Otterstedt, Annette:<br \/>\n<em><strong>Fluch des Kompromisses: Peter Harlan und die Folgen.<\/strong><br \/>\n<\/em>In: Concerto : Das Magazin f\u00fcr Alte Musik. &#8211; K\u00f6ln : Concerto-Verl. Vol. 25, No. 222 (2008), p. 31-35<br \/>\nBMS-ID: 003561291<\/p>\n<p>Otterstedt, Annette:<br \/>\n<strong><em>Musik zur Zeit Friedrichs II.<\/em>\u00a0<\/strong><br \/>\nIn: Fansa, Mamoun (Hg.):\u00a0<em>Kaiser Friedrich II. (1194 &#8211; 1250). Welt und Kultur des Mittelmeerraums.<\/em>\u00a0Begleitband zur Ausstellung. Mainz am Rhein. von Zabern (Schriftenreihe des Landesmuseums f\u00fcr Natur und Mensch, 55), Main : von Zabern (2008), p. 188-199<br \/>\nBMS-ID: 002596903<\/p>\n<h4><strong>2009<\/strong><\/h4>\n<p>Otterstedt, Annette:<br \/>\n<em><strong>Von K\u00fchen und Katzen. Tier und Musikintrument.<\/strong><br \/>\n<\/em>\u00a0In: Fansa, Mamoun; Middendorp, Birgit (Hg.):\u00a0<em>Tierisch moralisch. Die Welt der Fabel in Orient und Okzident;\u00a0<\/em>Begleitschrift zur Sonderausstellung. Oldenburg. Reichert (Schriftenreihe des Landesmuseums Natur und Mensch, 63). ISBN 978-3-89500-663-0. S. 205\u2013212<\/p>\n<p>Otterstedt, Annette:<br \/>\n<em><strong>Verwischte Spuren. Zur Streichinstrumentenproblematik in Ko\u0308nigsberg im 17.Jahrhundert.<\/strong><br \/>\n<\/em>\u00a0In:\u00a0<em>Musik und Literatur im fr\u00fchneuzeitlichen Preussenland<\/em>\u00a0\/ hrsg. von Bernhart J\u00e4hnig. Historische Kommission f\u00fcr Ost- und Westpreussische Landesforschung, Marburg, 2009, S. 39-62.<\/p>\n<h4><strong>2010<\/strong><\/h4>\n<p>Otterstedt, Annette:<br \/>\n<em><strong>Apocalyptic musical instruments.<\/strong><br \/>\n<\/em>\u00a0In: R\u00fcckert, Claudia; Staebel, Jochen (Hg.):\u00a0<strong><em>Mittelalterliche Bauskulptur in Frankreich und Spanien. Im Spannungsfeld des Chartreser K\u00f6nigsportals und des P\u00f3rtico de la Gloria in Santiago de Compostela.<\/em><\/strong>\u00a0Frankfurt am Main, Madrid. Vervuert, 2010; Iberoamericana (Ars Iberica et Americana, 13). ISBN 978-84-8489-550-3. S. 301\u2013311<br \/>\nBMS-ID: 004215192<\/p>\n<p>Otterstedt, Annette:<br \/>\n<strong><em>Gambe im Untergrund.<\/em>\u00a0<\/strong><br \/>\nIn: Concerto : Das Magazin f\u00fcr Alte Musik. &#8211; K\u00f6ln : Concerto-Verl. Vol. 27, No. 232 (2010), p. 20-21<br \/>\nBMS-ID: 003943194<\/p>\n<h4><strong>2012<\/strong><\/h4>\n<p>Otterstedt, Annette:<br \/>\n<em><strong>Wie man anst\u00e4ndig Gambe lernt und sich im Consort am besten benimmt: Das Sechs-Punkte-Programm des Roger North.<\/strong><br \/>\n<\/em>In: Viola da gamba Nr. 87 \u2013 Dezember 2012, S. 11-13<\/p>\n<h4><strong>2013<\/strong><\/h4>\n<p>Otterstedt, Annette:<br \/>\n<strong><em>Zur Dokumentationsgeschichte der Naumburger Blasinstrumente &#8211; eine Polemik.<\/em><\/strong><br \/>\nIn: VDR-Beitr\u00e4ge zur Erhaltung von Kunst- und Kulturgut. &#8211; Regensburg : Schnell + Steiner , No. 2 (2013), p. 90-98<br \/>\nBMS-ID: 005256461<\/p>\n<p>Otterstedt, Annette:<br \/>\n<strong><em>Die Gambe am Ende des Barockzeitalters.<\/em>\u00a0<\/strong><br \/>\nIn: Rampe, Siegbert; Sackmann, Dominik (Hg.):\u00a0<em>Bachs Orchester- und Kammermusik. Das Handbuch.\u00a0<\/em>Teilband 2: Bachs Kammermusik. Laaber 2013, S. 168\u2013175<\/p>\n<h4><strong>2014<\/strong><\/h4>\n<p>Otterstedt, Annette:<br \/>\n<em><strong>Nachruf: Rainer Weber: 3. Februar 1927 in Leipzig &#8211; 26. Februar 2014 in Bayerbach.<\/strong><br \/>\n<\/em>In: Rohrblatt : die Zeitschrift f\u00fcr Oboe, Klarinette, Fagott und Saxophon ; offizielles Organ der Deutschen Gesellschaft f\u00fcr Oboe und Fagott e.V. und der Deutschen Klarinetten-Gesellschaft e.V.. &#8211; Falkensee : Finkenkruger Musikverl. Vol. 29, No. 2 (2014), p. 88-89<br \/>\nBMS-ID: 005778441<\/p>\n<h4><strong>2015<\/strong><\/h4>\n<p>Otterstedt, Annette:<br \/>\n<strong><em>Mein Lieblingsinstrument: Kontrabass.<\/em>\u00a0<\/strong><br \/>\nIn: Concerto : das Magazin f\u00fcr alte Musik. &#8211; Altenburg : Kamprad Vol. 32, No. 262 (2015), p. 29.<br \/>\nBMS-ID: 005888956<\/p>\n<p>Otterstedt, Annette:<br \/>\n<strong><em>Viola da Spalla: viersaitiges kleines Bassinstrument, signiert &#8220;Hans Christoph Z\u00e4ncker &#8230;&#8221;.<\/em>\u00a0<\/strong><br \/>\nIn:\u00a0\u00a0Concerto : das Magazin f\u00fcr alte Musik. &#8211; Altenburg : Kamprad Vol. 32, No. 263 (2015), p. 32 (Beschreibung des Kontrabasses von Hans Christoph Z\u00e4ncker im Musikinstrumentenmuseum Berlin, Kat.-Nr. 3341.)<br \/>\nBMS-ID: 005914965<\/p>\n<h4><strong>2016<\/strong><\/h4>\n<p>Otterstedt, Annette:<br \/>\n<strong><em>Die solistische Gambe in der Hausmusik.<\/em>\u00a0<\/strong><br \/>\nIn: Philipsen, Christian; Omonsky, Ute (Hg.):\u00a0<strong><em>Hausmusik im 17. und 18. Jahrhundert.<\/em>\u00a0<\/strong>39. Wissenschaftliche Arbeitstagung Michaelstein 23. bis 25. November 2012. Augsburg, [Blankenburg]. Wi\u00dfner-Verlag (Michaelsteiner Konferenzberichte, 81).<br \/>\nISBN 3-95786-073-3. S. 147\u2013166<br \/>\nBMS-ID: 006156126<\/p>\n<p>Otterstedt, Annette:<br \/>\n<em><strong>Gamben-Spieltechnik historisch und zeitgen\u00f6ssisch &#8211; Stationen einer Wandlung.<\/strong><br \/>\n<\/em>\u00a0In: Repertoire, Instrumente und Bauweise der Viola da gamba: XXXVIII. Wissenschaftliche Arbeitstagung und 31. Musikinstrumentenbau-Symposium Michaelstein, 19. bis 21. November 2010. Musikinstrumentenbau-Symposium (2016, Blankenburg (Harz), S. 33-56<br \/>\nBMS-ID: 006231810<\/p>\n<h4><strong>2017<\/strong><\/h4>\n<p>Otterstedt, Annette:<br \/>\n<em><strong>Curt Sachs und die Entthronung der Linie.<\/strong><br \/>\n<\/em>\u00a0In: Behrens, Wolfgang; Elste, Martin; Fitzner, Frauke (Hrsg.):\u00a0<em>Vom Sammeln, Klassifizieren und Interpretieren: die zerst\u00f6rte Vielfalt des Curt Sachs.<\/em>\u00a0Mainz [u.a.], [2017], S. 5-16<br \/>\nBMS-ID: 006562035<\/p>\n<p>Berdux, Silke:<br \/>\n<span style=\"font-size: revert;\">Diskussionsrunde 1: Museumskonzeptionen : Rundgespr\u00e4ch zwischen Silke Berdux, George Brock-Nannestad, Ignace de Keyser, Martin Elste, J\u00fcrgen Eppelsheim, Florence G\u00e9treau, Lars-Christian Koch, Annette Otterstedt, Conny Restle und Bernd Rudolf. In: Behrens, Wolfgang; Elste, Martin; Fitzner, Frauke (Hrsg.):<strong>\u00a0<\/strong><\/span><strong><em style=\"font-size: revert;\">Vom Sammeln, Klassifizieren und Interpretieren: die zerst\u00f6rte Vielfalt des Curt Sachs.<\/em><\/strong><span style=\"font-size: revert;\"><strong>\u00a0<\/strong>Mainz [u.a.], [2017], S. 135-146<br \/>\n<\/span>BMS-ID: 006561942<\/p>\n<p>Otterstedt, Annette:<br \/>\n<strong><em>Der Berliner Sch\u00fclerkreis.<\/em>\u00a0<\/strong><br \/>\nIn: Behrens, Wolfgang; Elste, Martin; Fitzner, Frauke (Hrsg.):\u00a0<em>Vom Sammeln, Klassifizieren und Interpretieren: die zerst\u00f6rte Vielfalt des Curt Sachs.<\/em>\u00a0Mainz [u.a.], [2017], S. 273-275<br \/>\nBMS-ID: 006561888<\/p>\n<h4><strong>2018<\/strong><\/h4>\n<p>Otterstedt, Annette:<br \/>\n<strong><em>Die Scherben nicht noch zermahlen &#8230;<\/em>\u00a0<\/strong><br \/>\nIn: Eszter Fontana, Klaus Martius und Markus Zepf (Hrsg.):\u00a0<em>Hinter den T\u00f6nen &#8211; Musikinstrumente als Forschungsgebiet. Festschrift f\u00fcr Friedemann Hellwig zu seinem 80. Geburtstag,<\/em>\u00a0N\u00fcrnberg : Germanisches Nationalmuseum, 2018 (= Ver\u00f6ffentlichungen des Instituts f\u00fcr Kunsttechnik und Konservierung im Germanischen Nationalmuseum, Band 10), S. 250-258<br \/>\nBMS-ID: 00673233X<\/p>\n<h4><strong>2020<\/strong><\/h4>\n<p>Otterstedt, Annette:<br \/>\n<strong><em>Ingo Muthesius zum Gedenken.<\/em>\u00a0<\/strong><br \/>\nIn: Viola da gamba Nr. 114 \u2013 April 2020, S. 9<\/p>\n<p><a href=\"http:\/\/bows-viols.de\/cms\/wp-content\/uploads\/2016\/02\/IMG_8739-1.jpg\"><img decoding=\"async\" loading=\"lazy\" class=\"alignnone size-full wp-image-289\" src=\"http:\/\/bows-viols.de\/cms\/wp-content\/uploads\/2016\/02\/IMG_8739-1.jpg\" alt=\"\" width=\"1024\" height=\"1536\" srcset=\"http:\/\/bows-viols.de\/wp-content\/uploads\/2016\/02\/IMG_8739-1.jpg 1024w, http:\/\/bows-viols.de\/wp-content\/uploads\/2016\/02\/IMG_8739-1-200x300.jpg 200w, http:\/\/bows-viols.de\/wp-content\/uploads\/2016\/02\/IMG_8739-1-768x1152.jpg 768w, http:\/\/bows-viols.de\/wp-content\/uploads\/2016\/02\/IMG_8739-1-683x1024.jpg 683w\" sizes=\"(max-width: 1024px) 100vw, 1024px\" \/><\/a><\/p>\n","protected":false},"excerpt":{"rendered":"<p>1985\/86 Otterstedt, Annette: Gregorius Karpp: Ein ostpreu\u00dfischer Instrumentenbauer des sp\u00e4ten 17. Jahrhunderts. \u00a0In: Concerto : das Magazin f\u00fcr alte Musik. &#8211; Altenburg : Kamprad 3 (1985\/86) H. 2, S. 39-45 BMS-ID: 000838292 Otterstedt, Annette: &#8230;diese einzig dastehende Sammlung von Instrumenten&#8230;: das Berliner Musikinstrumentenmuseum. In: Concerto : das Magazin f\u00fcr alte Musik. &#8211; Altenburg : Kamprad &hellip; <a href=\"http:\/\/bows-viols.de\/en\/artikel\/\" class=\"more-link\">Continue reading <span class=\"screen-reader-text\">Articles by Annette<\/span> <span class=\"meta-nav\">&rarr;<\/span><\/a><\/p>\n","protected":false},"author":1,"featured_media":318,"parent":0,"menu_order":0,"comment_status":"closed","ping_status":"closed","template":"","meta":[],"_links":{"self":[{"href":"http:\/\/bows-viols.de\/en\/wp-json\/wp\/v2\/pages\/22"}],"collection":[{"href":"http:\/\/bows-viols.de\/en\/wp-json\/wp\/v2\/pages"}],"about":[{"href":"http:\/\/bows-viols.de\/en\/wp-json\/wp\/v2\/types\/page"}],"author":[{"embeddable":true,"href":"http:\/\/bows-viols.de\/en\/wp-json\/wp\/v2\/users\/1"}],"replies":[{"embeddable":true,"href":"http:\/\/bows-viols.de\/en\/wp-json\/wp\/v2\/comments?post=22"}],"version-history":[{"count":17,"href":"http:\/\/bows-viols.de\/en\/wp-json\/wp\/v2\/pages\/22\/revisions"}],"predecessor-version":[{"id":764,"href":"http:\/\/bows-viols.de\/en\/wp-json\/wp\/v2\/pages\/22\/revisions\/764"}],"wp:featuredmedia":[{"embeddable":true,"href":"http:\/\/bows-viols.de\/en\/wp-json\/wp\/v2\/media\/318"}],"wp:attachment":[{"href":"http:\/\/bows-viols.de\/en\/wp-json\/wp\/v2\/media?parent=22"}],"curies":[{"name":"wp","href":"https:\/\/api.w.org\/{rel}","templated":true}]}}